{"id":536,"date":"2020-11-16T14:03:49","date_gmt":"2020-11-16T13:03:49","guid":{"rendered":"https:\/\/www.cielmonpc.fr\/boutique\/?page_id=536"},"modified":"2020-12-03T08:53:26","modified_gmt":"2020-12-03T07:53:26","slug":"vetements-2","status":"publish","type":"page","link":"https:\/\/www.cielmonpc.fr\/boutique\/accueil\/vetements-2\/","title":{"rendered":"V\u00eatements"},"content":{"rendered":"\t\t<div data-elementor-type=\"wp-page\" data-elementor-id=\"536\" class=\"elementor elementor-536\">\n\t\t\t\t\t\t\t\t\t<section class=\"elementor-section elementor-top-section elementor-element elementor-element-0d3ed3f elementor-section-full_width elementor-section-stretched elementor-section-height-default elementor-section-height-default\" data-id=\"0d3ed3f\" data-element_type=\"section\" data-settings=\"{&quot;stretch_section&quot;:&quot;section-stretched&quot;}\">\n\t\t\t\t\t\t<div class=\"elementor-container elementor-column-gap-default\">\n\t\t\t\t\t<div class=\"elementor-column elementor-col-100 elementor-top-column elementor-element elementor-element-4b3fd22\" data-id=\"4b3fd22\" data-element_type=\"column\">\n\t\t\t<div class=\"elementor-widget-wrap\">\n\t\t\t\t\t\t\t\t\t<\/div>\n\t\t<\/div>\n\t\t\t\t\t\t\t<\/div>\n\t\t<\/section>\n\t\t\t\t<section class=\"elementor-section elementor-top-section elementor-element elementor-element-12e366a elementor-section-full_width elementor-section-stretched elementor-section-height-default elementor-section-height-default\" data-id=\"12e366a\" data-element_type=\"section\" data-settings=\"{&quot;stretch_section&quot;:&quot;section-stretched&quot;,&quot;background_background&quot;:&quot;classic&quot;}\">\n\t\t\t\t\t\t<div class=\"elementor-container elementor-column-gap-default\">\n\t\t\t\t\t<div class=\"elementor-column elementor-col-100 elementor-top-column elementor-element elementor-element-c3ebced\" data-id=\"c3ebced\" data-element_type=\"column\">\n\t\t\t<div class=\"elementor-widget-wrap elementor-element-populated\">\n\t\t\t\t\t\t\t\t<div class=\"elementor-element elementor-element-7418fa1 elementor-widget elementor-widget-heading\" data-id=\"7418fa1\" data-element_type=\"widget\" data-widget_type=\"heading.default\">\n\t\t\t\t<div class=\"elementor-widget-container\">\n\t\t\t<h2 class=\"elementor-heading-title elementor-size-default\">Retrouvez  les tendances en vogue de la mode masculine et f\u00e9minine.<br><br>Du jeans Destroy \u00e0 la parka ultra styl\u00e9, reste connect\u00e9 pour ne rien louper.<\/h2>\t\t<\/div>\n\t\t\t\t<\/div>\n\t\t\t\t\t<\/div>\n\t\t<\/div>\n\t\t\t\t\t\t\t<\/div>\n\t\t<\/section>\n\t\t\t\t<section class=\"elementor-section elementor-top-section elementor-element elementor-element-42926cbb elementor-section-content-middle elementor-section-full_width elementor-section-stretched elementor-section-height-default elementor-section-height-default\" data-id=\"42926cbb\" data-element_type=\"section\" data-settings=\"{&quot;stretch_section&quot;:&quot;section-stretched&quot;}\">\n\t\t\t\t\t\t<div class=\"elementor-container elementor-column-gap-no\">\n\t\t\t\t\t<div class=\"elementor-column elementor-col-100 elementor-top-column elementor-element elementor-element-52de1792\" data-id=\"52de1792\" data-element_type=\"column\">\n\t\t\t<div class=\"elementor-widget-wrap elementor-element-populated\">\n\t\t\t\t\t\t\t\t<section class=\"elementor-section elementor-inner-section elementor-element elementor-element-565e266b elementor-section-content-middle elementor-section-full_width elementor-section-height-default elementor-section-height-default\" data-id=\"565e266b\" data-element_type=\"section\">\n\t\t\t\t\t\t<div class=\"elementor-container elementor-column-gap-no\">\n\t\t\t\t\t<div class=\"elementor-column elementor-col-50 elementor-inner-column elementor-element elementor-element-1daecc5d\" data-id=\"1daecc5d\" data-element_type=\"column\">\n\t\t\t<div class=\"elementor-widget-wrap elementor-element-populated\">\n\t\t\t\t\t\t\t\t<div class=\"elementor-element elementor-element-c8b7676 elementor-position-top elementor-invisible elementor-widget elementor-widget-image-box\" data-id=\"c8b7676\" data-element_type=\"widget\" data-settings=\"{&quot;_animation&quot;:&quot;fadeIn&quot;}\" data-widget_type=\"image-box.default\">\n\t\t\t\t<div class=\"elementor-widget-container\">\n\t\t\t<div class=\"elementor-image-box-wrapper\"><figure class=\"elementor-image-box-img\"><a href=\"https:\/\/www.cielmonpc.fr\/boutique\/?page_id=554\" tabindex=\"-1\"><img decoding=\"async\" width=\"900\" height=\"703\" src=\"https:\/\/www.cielmonpc.fr\/boutique\/wp-content\/uploads\/2020\/12\/accueil-homme.jpg\" class=\"elementor-animation-shrink attachment-large size-large wp-image-930\" alt=\"\" loading=\"lazy\" srcset=\"https:\/\/www.cielmonpc.fr\/boutique\/wp-content\/uploads\/2020\/12\/accueil-homme.jpg 900w, https:\/\/www.cielmonpc.fr\/boutique\/wp-content\/uploads\/2020\/12\/accueil-homme-300x234.jpg 300w, https:\/\/www.cielmonpc.fr\/boutique\/wp-content\/uploads\/2020\/12\/accueil-homme-768x600.jpg 768w, https:\/\/www.cielmonpc.fr\/boutique\/wp-content\/uploads\/2020\/12\/accueil-homme-600x469.jpg 600w\" sizes=\"(max-width: 900px) 100vw, 900px\" \/><\/a><\/figure><\/div>\t\t<\/div>\n\t\t\t\t<\/div>\n\t\t\t\t\t<\/div>\n\t\t<\/div>\n\t\t\t\t<div class=\"elementor-column elementor-col-50 elementor-inner-column elementor-element elementor-element-6b74f93d\" data-id=\"6b74f93d\" data-element_type=\"column\">\n\t\t\t<div class=\"elementor-widget-wrap elementor-element-populated\">\n\t\t\t\t\t\t\t\t<div class=\"elementor-element elementor-element-4b314c0a elementor-position-top elementor-invisible elementor-widget elementor-widget-image-box\" data-id=\"4b314c0a\" data-element_type=\"widget\" data-settings=\"{&quot;_animation&quot;:&quot;fadeIn&quot;}\" data-widget_type=\"image-box.default\">\n\t\t\t\t<div class=\"elementor-widget-container\">\n\t\t\t<div class=\"elementor-image-box-wrapper\"><figure class=\"elementor-image-box-img\"><a href=\"https:\/\/www.cielmonpc.fr\/boutique\/?page_id=552\" tabindex=\"-1\"><img decoding=\"async\" width=\"900\" height=\"703\" src=\"https:\/\/www.cielmonpc.fr\/boutique\/wp-content\/uploads\/2020\/12\/accueil-femme.jpg\" class=\"elementor-animation-shrink attachment-full size-full wp-image-929\" alt=\"\" loading=\"lazy\" srcset=\"https:\/\/www.cielmonpc.fr\/boutique\/wp-content\/uploads\/2020\/12\/accueil-femme.jpg 900w, https:\/\/www.cielmonpc.fr\/boutique\/wp-content\/uploads\/2020\/12\/accueil-femme-300x234.jpg 300w, https:\/\/www.cielmonpc.fr\/boutique\/wp-content\/uploads\/2020\/12\/accueil-femme-768x600.jpg 768w, https:\/\/www.cielmonpc.fr\/boutique\/wp-content\/uploads\/2020\/12\/accueil-femme-600x469.jpg 600w\" sizes=\"(max-width: 900px) 100vw, 900px\" \/><\/a><\/figure><\/div>\t\t<\/div>\n\t\t\t\t<\/div>\n\t\t\t\t\t<\/div>\n\t\t<\/div>\n\t\t\t\t\t\t\t<\/div>\n\t\t<\/section>\n\t\t\t\t\t<\/div>\n\t\t<\/div>\n\t\t\t\t\t\t\t<\/div>\n\t\t<\/section>\n\t\t\t\t\t\t\t<\/div>\n\t\t","protected":false},"excerpt":{"rendered":"<p>Retrouvez les tendances en vogue de la mode masculine et f\u00e9minine. Du jeans Destroy \u00e0 la parka ultra styl\u00e9, reste connect\u00e9 pour ne rien louper.<\/p>\n","protected":false},"author":1,"featured_media":62,"parent":30,"menu_order":0,"comment_status":"closed","ping_status":"closed","template":"elementor_header_footer","meta":[],"_links":{"self":[{"href":"https:\/\/www.cielmonpc.fr\/boutique\/wp-json\/wp\/v2\/pages\/536"}],"collection":[{"href":"https:\/\/www.cielmonpc.fr\/boutique\/wp-json\/wp\/v2\/pages"}],"about":[{"href":"https:\/\/www.cielmonpc.fr\/boutique\/wp-json\/wp\/v2\/types\/page"}],"author":[{"embeddable":true,"href":"https:\/\/www.cielmonpc.fr\/boutique\/wp-json\/wp\/v2\/users\/1"}],"replies":[{"embeddable":true,"href":"https:\/\/www.cielmonpc.fr\/boutique\/wp-json\/wp\/v2\/comments?post=536"}],"version-history":[{"count":0,"href":"https:\/\/www.cielmonpc.fr\/boutique\/wp-json\/wp\/v2\/pages\/536\/revisions"}],"up":[{"embeddable":true,"href":"https:\/\/www.cielmonpc.fr\/boutique\/wp-json\/wp\/v2\/pages\/30"}],"wp:featuredmedia":[{"embeddable":true,"href":"https:\/\/www.cielmonpc.fr\/boutique\/wp-json\/wp\/v2\/media\/62"}],"wp:attachment":[{"href":"https:\/\/www.cielmonpc.fr\/boutique\/wp-json\/wp\/v2\/media?parent=536"}],"curies":[{"name":"wp","href":"https:\/\/api.w.org\/{rel}","templated":true}]}}