{"id":554,"date":"2020-11-22T16:40:24","date_gmt":"2020-11-22T15:40:24","guid":{"rendered":"https:\/\/www.cielmonpc.fr\/boutique\/?page_id=554"},"modified":"2020-11-28T19:11:22","modified_gmt":"2020-11-28T18:11:22","slug":"vetements-hommes","status":"publish","type":"page","link":"https:\/\/www.cielmonpc.fr\/boutique\/accueil\/vetements-2\/vetements-hommes\/","title":{"rendered":"V\u00eatements Hommes"},"content":{"rendered":"\t\t<div data-elementor-type=\"wp-page\" data-elementor-id=\"554\" class=\"elementor elementor-554\">\n\t\t\t\t\t\t\t\t\t<section class=\"elementor-section elementor-top-section elementor-element elementor-element-0d3ed3f elementor-section-full_width elementor-section-stretched elementor-section-height-default elementor-section-height-default\" data-id=\"0d3ed3f\" data-element_type=\"section\" data-settings=\"{&quot;stretch_section&quot;:&quot;section-stretched&quot;}\">\n\t\t\t\t\t\t<div class=\"elementor-container elementor-column-gap-default\">\n\t\t\t\t\t<div class=\"elementor-column elementor-col-100 elementor-top-column elementor-element elementor-element-4b3fd22\" data-id=\"4b3fd22\" data-element_type=\"column\">\n\t\t\t<div class=\"elementor-widget-wrap\">\n\t\t\t\t\t\t\t\t\t<\/div>\n\t\t<\/div>\n\t\t\t\t\t\t\t<\/div>\n\t\t<\/section>\n\t\t\t\t<section class=\"elementor-section elementor-top-section elementor-element elementor-element-12e366a elementor-section-full_width elementor-section-stretched elementor-section-height-default elementor-section-height-default\" data-id=\"12e366a\" data-element_type=\"section\" data-settings=\"{&quot;stretch_section&quot;:&quot;section-stretched&quot;}\">\n\t\t\t\t\t\t<div class=\"elementor-container elementor-column-gap-default\">\n\t\t\t\t\t<div class=\"elementor-column elementor-col-100 elementor-top-column elementor-element elementor-element-c3ebced\" data-id=\"c3ebced\" data-element_type=\"column\">\n\t\t\t<div class=\"elementor-widget-wrap elementor-element-populated\">\n\t\t\t\t\t\t\t\t<div class=\"elementor-element elementor-element-7418fa1 elementor-widget elementor-widget-heading\" data-id=\"7418fa1\" data-element_type=\"widget\" data-widget_type=\"heading.default\">\n\t\t\t\t<div class=\"elementor-widget-container\">\n\t\t\t<h2 class=\"elementor-heading-title elementor-size-default\">Parce que nous attachons la plus grande importance \u00e0 maintenir un mode de fabrication artisanal, nous mettons l'accent sur :<\/h2>\t\t<\/div>\n\t\t\t\t<\/div>\n\t\t\t\t<div class=\"elementor-element elementor-element-aab3034 elementor-icon-list--layout-traditional elementor-list-item-link-full_width elementor-widget elementor-widget-icon-list\" data-id=\"aab3034\" data-element_type=\"widget\" data-widget_type=\"icon-list.default\">\n\t\t\t\t<div class=\"elementor-widget-container\">\n\t\t\t\t\t<ul class=\"elementor-icon-list-items\">\n\t\t\t\t\t\t\t<li class=\"elementor-icon-list-item\">\n\t\t\t\t\t\t\t\t\t\t\t<span class=\"elementor-icon-list-icon\">\n\t\t\t\t\t\t\t<i aria-hidden=\"true\" class=\"fas fa-check-double\"><\/i>\t\t\t\t\t\t<\/span>\n\t\t\t\t\t\t\t\t\t\t<span class=\"elementor-icon-list-text\">La qualit\u00e9 des produits : <br>Aucun substitut (Huile de Palme, Margarine, Poudre, ... ) n'est utilis\u00e9, quel que soit le produit propos\u00e9<\/span>\n\t\t\t\t\t\t\t\t\t<\/li>\n\t\t\t\t\t\t\t\t<li class=\"elementor-icon-list-item\">\n\t\t\t\t\t\t\t\t\t\t\t<span class=\"elementor-icon-list-icon\">\n\t\t\t\t\t\t\t<i aria-hidden=\"true\" class=\"fas fa-check-double\"><\/i>\t\t\t\t\t\t<\/span>\n\t\t\t\t\t\t\t\t\t\t<span class=\"elementor-icon-list-text\">La fabrication : <br>Un levain maison fabriqu\u00e9 la veille, une longe p\u00e9riode de fermentation, une utilisation mod\u00e9r\u00e9e de levure sont les param\u00e8tres de notre fabrication artisanale<\/span>\n\t\t\t\t\t\t\t\t\t<\/li>\n\t\t\t\t\t\t\t\t<li class=\"elementor-icon-list-item\">\n\t\t\t\t\t\t\t\t\t\t\t<span class=\"elementor-icon-list-icon\">\n\t\t\t\t\t\t\t<i aria-hidden=\"true\" class=\"fas fa-check-double\"><\/i>\t\t\t\t\t\t<\/span>\n\t\t\t\t\t\t\t\t\t\t<span class=\"elementor-icon-list-text\">La diversit\u00e9 :<br>R\u00e9pondre aux attentes du plus grand nombre nous tient \u00e0 coeur, c'est pourquoi nous offrons une large gamme de produits<br><\/span>\n\t\t\t\t\t\t\t\t\t<\/li>\n\t\t\t\t\t\t<\/ul>\n\t\t\t\t<\/div>\n\t\t\t\t<\/div>\n\t\t\t\t\t<\/div>\n\t\t<\/div>\n\t\t\t\t\t\t\t<\/div>\n\t\t<\/section>\n\t\t\t\t<section class=\"elementor-section elementor-top-section elementor-element elementor-element-b7053b9 elementor-section-full_width elementor-section-height-default elementor-section-height-default\" data-id=\"b7053b9\" data-element_type=\"section\">\n\t\t\t\t\t\t<div class=\"elementor-container elementor-column-gap-default\">\n\t\t\t\t\t<div class=\"elementor-column elementor-col-100 elementor-top-column elementor-element elementor-element-746e458\" data-id=\"746e458\" data-element_type=\"column\">\n\t\t\t<div class=\"elementor-widget-wrap\">\n\t\t\t\t\t\t\t\t\t<\/div>\n\t\t<\/div>\n\t\t\t\t\t\t\t<\/div>\n\t\t<\/section>\n\t\t\t\t\t\t\t<\/div>\n\t\t","protected":false},"excerpt":{"rendered":"<p>Tous nos pains sont p\u00e9tris, fa\u00e7onn\u00e9s et cuits sur place En livraison A emporter ou sur place Parce que nous attachons la plus grande importance \u00e0 maintenir un mode de fabrication artisanal, nous mettons l&rsquo;accent sur : La qualit\u00e9 des produits : Aucun substitut (Huile de Palme, Margarine, Poudre, &#8230; ) n&rsquo;est utilis\u00e9, quel que [&hellip;]<\/p>\n","protected":false},"author":1,"featured_media":846,"parent":536,"menu_order":0,"comment_status":"closed","ping_status":"closed","template":"","meta":[],"_links":{"self":[{"href":"https:\/\/www.cielmonpc.fr\/boutique\/wp-json\/wp\/v2\/pages\/554"}],"collection":[{"href":"https:\/\/www.cielmonpc.fr\/boutique\/wp-json\/wp\/v2\/pages"}],"about":[{"href":"https:\/\/www.cielmonpc.fr\/boutique\/wp-json\/wp\/v2\/types\/page"}],"author":[{"embeddable":true,"href":"https:\/\/www.cielmonpc.fr\/boutique\/wp-json\/wp\/v2\/users\/1"}],"replies":[{"embeddable":true,"href":"https:\/\/www.cielmonpc.fr\/boutique\/wp-json\/wp\/v2\/comments?post=554"}],"version-history":[{"count":0,"href":"https:\/\/www.cielmonpc.fr\/boutique\/wp-json\/wp\/v2\/pages\/554\/revisions"}],"up":[{"embeddable":true,"href":"https:\/\/www.cielmonpc.fr\/boutique\/wp-json\/wp\/v2\/pages\/536"}],"wp:featuredmedia":[{"embeddable":true,"href":"https:\/\/www.cielmonpc.fr\/boutique\/wp-json\/wp\/v2\/media\/846"}],"wp:attachment":[{"href":"https:\/\/www.cielmonpc.fr\/boutique\/wp-json\/wp\/v2\/media?parent=554"}],"curies":[{"name":"wp","href":"https:\/\/api.w.org\/{rel}","templated":true}]}}